{"id":24,"date":"2020-02-18T10:47:52","date_gmt":"2020-02-18T09:47:52","guid":{"rendered":"https:\/\/femininumingeniumcom.wordpress.com\/?page_id=24"},"modified":"2020-09-27T08:06:59","modified_gmt":"2020-09-27T08:06:59","slug":"chi-siamo-2","status":"publish","type":"page","link":"https:\/\/femininumingenium.it\/csfi\/?page_id=24","title":{"rendered":"Chi siamo"},"content":{"rendered":"<p align=\"justify\"><span style=\"color: #808080;\"><br><\/span><span style=\"color: #808080;\"><img loading=\"lazy\" decoding=\"async\" class=\"alignleft wp-image-1151\" src=\"http:\/\/femininumingenium.it\/csfi\/wp-content\/uploads\/2020\/09\/sfondo.orizzontale-300x208.jpg\" alt=\"\" width=\"400\" height=\"277\" srcset=\"https:\/\/femininumingenium.it\/csfi\/wp-content\/uploads\/2020\/09\/sfondo.orizzontale-300x208.jpg 300w, https:\/\/femininumingenium.it\/csfi\/wp-content\/uploads\/2020\/09\/sfondo.orizzontale-768x532.jpg 768w, https:\/\/femininumingenium.it\/csfi\/wp-content\/uploads\/2020\/09\/sfondo.orizzontale-1024x709.jpg 1024w, https:\/\/femininumingenium.it\/csfi\/wp-content\/uploads\/2020\/09\/sfondo.orizzontale-1568x1086.jpg 1568w\" sizes=\"auto, (max-width: 400px) 100vw, 400px\" \/>Il <em><strong>Centro Studi Femininum Ingenium<\/strong><\/em> (Csfi) \u00e8 un&#8217;associazione di promozione sociale che <\/span><span style=\"color: #808080; font-size: 1em; font-family: var(--font-base, Poppins, serif);\">intende promuovere la valorizzazione del <em>femminile<\/em>, con l&#8217;organizzazione di giornate di studio, premi, festival culturali e tramite la pubblicazione della Collana digitale <\/span><a style=\"font-size: 1em; font-family: var(--font-base, Poppins, serif);\" href=\"http:\/\/femininumingenium.it\/csfi\/?page_id=257\" target=\"_blank\" rel=\"noopener noreferrer\">Femininum Ingenium, <\/a><span style=\"color: #808080;\">edita in collaborazione con la <span style=\"color: #000000;\"><strong><a style=\"color: #000000;\" href=\"http:\/\/www.sisaem.it\/\" target=\"_blank\" rel=\"noopener noreferrer\">SISAEM<\/a><\/strong><\/span><em>,<\/em> la&nbsp;<em>Societ\u00e0 Internazionale per lo Studio dell&#8217;Adriatico nell&#8217;et\u00e0 Medievale, <\/em>gi\u00e0 socia del Centro Studi.<\/span><\/p>\n<p align=\"justify\"><span style=\"color: #808080;\"><em>L&#8217;attivit\u00e0 del CSFI sar\u00e0 articolata in due settori: quello <span style=\"color: #808080;\"><strong>prettamente sociale<\/strong><\/span>, con iniziative orientate sul territorio e organizzate in collaborazione con le istituzioni; quello <strong>scientifico culturale<\/strong> che si avvarr\u00e0 della preziosa esperienza dei membri del Comitato Scientifico e potr\u00e0 avere pi\u00f9 ampio pubblico e respiro.<\/em><\/span><\/p>\n<hr>\n<p align=\"justify\"><strong><span style=\"color: #808080;\"><a href=\"http:\/\/femininumingenium.it\/csfi\/?p=654\">COMITATO SCIENTIFICO<\/a>&nbsp;<\/span><\/strong><\/p>\n<p align=\"justify\"><span style=\"color: #808080;\"> <a href=\"https:\/\/centroitalianodiricerchefenomenologiche.it\/angela-ales-bello\/\" target=\"_blank\" rel=\"noopener noreferrer\">Angela Ales Bello<\/a> &#8211; <a href=\"https:\/\/www.unibo.it\/sitoweb\/leonardo.allodi\" target=\"_blank\" rel=\"noopener noreferrer\">Leonardo Allodi<\/a> &#8211; <a href=\"https:\/\/www.researchgate.net\/profile\/Aurora_Almadori2\" target=\"_blank\" rel=\"noopener noreferrer\">Aurora Almadori<\/a> &#8211; Paolo Armellini &#8211; Giorgia Brambilla &#8211; Carlo Brezza &#8211; <\/span><span style=\"color: #808080;\"><a href=\"https:\/\/web.uniroma1.it\/disp\/node\/11262\" target=\"_blank\" rel=\"noopener noreferrer\">Roberta Iannone<\/a> &#8211; <a href=\"http:\/\/bioetica.governo.it\/media\/3544\/morresi-27luglio-2018.pdf\" target=\"_blank\" rel=\"noopener noreferrer\">Assuntina Morresi<\/a> &#8211; <a href=\"https:\/\/www.lumsa.it\/laura-palazzani\" target=\"_blank\" rel=\"noopener noreferrer\">Laura Palazzani<\/a> &#8211; <a href=\"https:\/\/sacredartschoolfirenze.com\/chi-siamo\/docenti\/maria-teresa-russo\/\" target=\"_blank\" rel=\"noopener noreferrer\">Maria Teresa Russo<\/a><\/span><\/p>\n\n\n<p><strong><a rel=\"noreferrer noopener\" aria-label=\"ELENCO DEGLI ESPERTI (si apre in una nuova scheda)\" href=\"http:\/\/femininumingenium.it\/csfi\/?p=998\" target=\"_blank\">ESPERTI<\/a><\/strong><\/p>\n\n\n\n<p align=\"justify\"><span style=\"color: #808080; font-size: 1em; font-family: var(--font-base, Poppins, serif);\">Gli Esperti del CSFI sono docenti, ricercatori, studiosi afferenti a varie universit\u00e0 ed enti di ricerca italiani, che si riconoscono negli obiettivi e nelle specificit\u00e0 d&#8217;intenti del Centro Studi. Le adesioni crescono di giorno in giorno, contribuendo ad arricchire il panorama culturale del Centro Studi con elementi di grande valore e qualit\u00e0.<\/span><\/p>\n\n\n\n<p><strong><a href=\"http:\/\/femininumingenium.it\/csfi\/?p=761\" target=\"_blank\" rel=\"noreferrer noopener\" aria-label=\"CONSIGLIO DIRETTIVO (si apre in una nuova scheda)\">CONSIGLIO DIRETTIVO<\/a><\/strong><\/p>\n\n\n\n<p><p align=\"justify\">Presidente <a href=\"http:\/\/www.robertafidanzia.it\" target=\"_blank\" rel=\"noreferrer noopener\" aria-label=\"Roberta Fidanzia (si apre in una nuova scheda)\">Roberta Fidanzia<\/a> &#8211; Vice Presidente <a rel=\"noreferrer noopener\" aria-label=\"Ilaria Iannuzzi (si apre in una nuova scheda)\" href=\"https:\/\/phd.uniroma1.it\/web\/ILARIA-IANNUZZI_nP1427144_IT.aspx\" target=\"_blank\">Ilaria Iannuzzi<\/a> &#8211; Direttore della Biblioteca <a rel=\"noreferrer noopener\" aria-label=\"Angelo Gambella (si apre in una nuova scheda)\" href=\"http:\/\/www.gambella.it\" target=\"_blank\">Angelo Gambella<\/a> &#8211; Consiglieri Carla Gambella &#8211; Lidia Iannuzzi<\/p><\/p>\n\n\n\n<p><strong><a rel=\"noreferrer noopener\" aria-label=\"LA BIBLIOTECA (si apre in una nuova scheda)\" href=\"http:\/\/femininumingenium.it\/csfi\/?p=898\" target=\"_blank\">LA BIBLIOTECA &#8220;CRISTINA DA PIZZANO&#8221;<\/a><\/strong><\/p>\n\n\n\n<p><p align=\"justify\">Responsabili: Angelo Gambella, Direttore; Giuseppe Fidanzia,  Bibliotecario; Alessandro Valentino, Assistente.<\/p>\n","protected":false},"excerpt":{"rendered":"<p>Il Centro Studi Femininum Ingenium (Csfi) \u00e8 un&#8217;associazione di promozione sociale che intende promuovere la valorizzazione del femminile, con l&#8217;organizzazione di giornate di studio, premi, festival culturali e tramite la pubblicazione della Collana digitale Femininum Ingenium, edita in collaborazione con la SISAEM, la&nbsp;Societ\u00e0 Internazionale per lo Studio dell&#8217;Adriatico nell&#8217;et\u00e0 Medievale, gi\u00e0 socia del Centro Studi.<a class=\"more-link\" href=\"https:\/\/femininumingenium.it\/csfi\/?page_id=24\">Continua a leggere <span class=\"screen-reader-text\">&#8220;Chi siamo&#8221;<\/span><\/a><\/p>\n","protected":false},"author":1,"featured_media":133,"parent":0,"menu_order":0,"comment_status":"closed","ping_status":"closed","template":"","meta":{"footnotes":""},"class_list":["post-24","page","type-page","status-publish","has-post-thumbnail","hentry","entry"],"_links":{"self":[{"href":"https:\/\/femininumingenium.it\/csfi\/index.php?rest_route=\/wp\/v2\/pages\/24","targetHints":{"allow":["GET"]}}],"collection":[{"href":"https:\/\/femininumingenium.it\/csfi\/index.php?rest_route=\/wp\/v2\/pages"}],"about":[{"href":"https:\/\/femininumingenium.it\/csfi\/index.php?rest_route=\/wp\/v2\/types\/page"}],"author":[{"embeddable":true,"href":"https:\/\/femininumingenium.it\/csfi\/index.php?rest_route=\/wp\/v2\/users\/1"}],"replies":[{"embeddable":true,"href":"https:\/\/femininumingenium.it\/csfi\/index.php?rest_route=%2Fwp%2Fv2%2Fcomments&post=24"}],"version-history":[{"count":37,"href":"https:\/\/femininumingenium.it\/csfi\/index.php?rest_route=\/wp\/v2\/pages\/24\/revisions"}],"predecessor-version":[{"id":1164,"href":"https:\/\/femininumingenium.it\/csfi\/index.php?rest_route=\/wp\/v2\/pages\/24\/revisions\/1164"}],"wp:featuredmedia":[{"embeddable":true,"href":"https:\/\/femininumingenium.it\/csfi\/index.php?rest_route=\/"}],"wp:attachment":[{"href":"https:\/\/femininumingenium.it\/csfi\/index.php?rest_route=%2Fwp%2Fv2%2Fmedia&parent=24"}],"curies":[{"name":"wp","href":"https:\/\/api.w.org\/{rel}","templated":true}]}}